{"id":3,"date":"2025-01-03T20:05:48","date_gmt":"2025-01-03T23:05:48","guid":{"rendered":"https:\/\/riomaximo.com\/dist\/?page_id=3"},"modified":"2025-01-17T18:31:12","modified_gmt":"2025-01-17T21:31:12","slug":"politica-de-privacidad","status":"publish","type":"page","link":"https:\/\/riomaximo.com\/es\/politica-de-privacidad\/","title":{"rendered":"Pol\u00edtica de privacidad"},"content":{"rendered":"<div data-elementor-type=\"wp-page\" data-elementor-id=\"3\" class=\"elementor elementor-3\">\n\t\t\t\t<div class=\"elementor-element elementor-element-07a83d4 e-flex e-con-boxed e-con e-parent\" data-id=\"07a83d4\" data-element_type=\"container\" data-e-type=\"container\" data-settings=\"{&quot;background_background&quot;:&quot;classic&quot;}\">\n\t\t\t\t\t<div class=\"e-con-inner\">\n\t\t\t\t<div class=\"elementor-element elementor-element-57fc14b elementor-widget elementor-widget-image\" data-id=\"57fc14b\" data-element_type=\"widget\" data-e-type=\"widget\" data-widget_type=\"image.default\">\n\t\t\t\t<div class=\"elementor-widget-container\">\n\t\t\t\t\t\t\t\t\t\t\t\t\t\t\t<img fetchpriority=\"high\" decoding=\"async\" width=\"1024\" height=\"576\" src=\"https:\/\/riomaximo.com\/wp-content\/uploads\/2025\/01\/riomaximo_tourprivado_reservar-bg-1024x576.jpg\" class=\"attachment-large size-large wp-image-498\" alt=\"\" srcset=\"https:\/\/riomaximo.com\/wp-content\/uploads\/2025\/01\/riomaximo_tourprivado_reservar-bg-1024x576.jpg 1024w, https:\/\/riomaximo.com\/wp-content\/uploads\/2025\/01\/riomaximo_tourprivado_reservar-bg-300x169.jpg 300w, https:\/\/riomaximo.com\/wp-content\/uploads\/2025\/01\/riomaximo_tourprivado_reservar-bg-768x432.jpg 768w, https:\/\/riomaximo.com\/wp-content\/uploads\/2025\/01\/riomaximo_tourprivado_reservar-bg-18x10.jpg 18w, https:\/\/riomaximo.com\/wp-content\/uploads\/2025\/01\/riomaximo_tourprivado_reservar-bg.jpg 1200w\" sizes=\"(max-width: 1024px) 100vw, 1024px\" \/>\t\t\t\t\t\t\t\t\t\t\t\t\t\t\t<\/div>\n\t\t\t\t<\/div>\n\t\t<div class=\"elementor-element elementor-element-c9afd83 e-flex e-con-boxed e-con e-child\" data-id=\"c9afd83\" data-element_type=\"container\" data-e-type=\"container\" data-settings=\"{&quot;position&quot;:&quot;absolute&quot;}\">\n\t\t\t\t\t<div class=\"e-con-inner\">\n\t\t\t\t<div class=\"elementor-element elementor-element-93f9af7 elementor-widget elementor-widget-image\" data-id=\"93f9af7\" data-element_type=\"widget\" data-e-type=\"widget\" data-widget_type=\"image.default\">\n\t\t\t\t<div class=\"elementor-widget-container\">\n\t\t\t\t\t\t\t\t\t\t\t\t\t\t\t<img decoding=\"async\" width=\"1\" height=\"1\" src=\"https:\/\/riomaximo.com\/wp-content\/uploads\/2025\/01\/RM-Brand-02.svg\" class=\"attachment-large size-large wp-image-12\" alt=\"\" \/>\t\t\t\t\t\t\t\t\t\t\t\t\t\t\t<\/div>\n\t\t\t\t<\/div>\n\t\t\t\t\t<\/div>\n\t\t\t\t<\/div>\n\t\t\t\t\t<\/div>\n\t\t\t\t<\/div>\n\t\t<div class=\"elementor-element elementor-element-05b9e62 e-flex e-con-boxed e-con e-parent\" data-id=\"05b9e62\" data-element_type=\"container\" data-e-type=\"container\">\n\t\t\t\t\t<div class=\"e-con-inner\">\n\t\t\t\t<div class=\"elementor-element elementor-element-9719445 elementor-widget elementor-widget-text-editor\" data-id=\"9719445\" data-element_type=\"widget\" data-e-type=\"widget\" data-widget_type=\"text-editor.default\">\n\t\t\t\t<div class=\"elementor-widget-container\">\n\t\t\t\t\t\t\t\t\t<h2>Pol\u00edtica de privacidad<\/h2><p>Esta Pol\u00edtica de Privacidad se compromete a proteger los datos de registro de los usuarios y visitantes registrados en el sitio web de Rio M\u00e1ximo Turismo Receptivo.<\/p><p>Toda la informaci\u00f3n proporcionada durante el registro ser\u00e1 de uso exclusivo de Rio M\u00e1ximo Turismo Receptivo e incorporada a la base de datos de la empresa.<\/p><p>El registro ser\u00e1 el medio de contacto con Rio M\u00e1ximo Turismo Receptivo o para la inclusi\u00f3n en nuestra lista de correo.<\/p><p>El usuario debe proporcionar datos personales verdaderos, precisos, actuales y completos, as\u00ed como mantener esta informaci\u00f3n actualizada.<\/p><p>Al registrarse, el usuario acepta los t\u00e9rminos de esta pol\u00edtica de privacidad y las condiciones de uso del sitio web. El usuario puede actualizar sus datos de registro poni\u00e9ndose en contacto directamente con Rio M\u00e1ximo Turismo Receptivo.<\/p><p>Ninguna informaci\u00f3n proporcionada ser\u00e1 divulgada sin la autorizaci\u00f3n previa del usuario, excepto en casos de una orden judicial.<\/p><p>La informaci\u00f3n recopilada por Rio M\u00e1ximo Turismo Receptivo se transmite y almacena de forma segura mediante el uso de encriptaci\u00f3n.<\/p><p>Al registrarse, el usuario podr\u00e1 optar por recibir o no notificaciones sobre productos y servicios de Rio M\u00e1ximo Turismo Receptivo y de nuestros socios. Esta decisi\u00f3n puede tomarse en el momento del registro o en cualquier momento.<\/p><p>Rio M\u00e1ximo Turismo Receptivo ofrece enlaces a sitios web de terceros, pero no se responsabiliza por las pol\u00edticas de privacidad de dichos sitios.<\/p><p>Si tiene dudas sobre el registro o esta Pol\u00edtica de Privacidad, env\u00ede un correo electr\u00f3nico a contato@riomaximo.com.<\/p><p>Rio M\u00e1ximo Turismo Receptivo podr\u00e1 modificar esta Pol\u00edtica de Privacidad en cualquier momento.<\/p><p>Las modificaciones estar\u00e1n siempre disponibles en este apartado, de manera que los usuarios tengan pleno conocimiento.<\/p><h2><br \/>Datos de la Empresa<\/h2><p>Rio Maximo Viagens e Turismo LTDA<\/p><p>CNPJ: 11.645.119\/0001-38<\/p><p>Raz\u00f3n Social: Rio Maximo Viagens e Turismo LTDA<\/p><p>Nombre Comercial: Rio Maximo<\/p>\t\t\t\t\t\t\t\t<\/div>\n\t\t\t\t<\/div>\n\t\t\t\t\t<\/div>\n\t\t\t\t<\/div>\n\t\t\t\t<\/div>","protected":false},"excerpt":{"rendered":"<p>Pol\u00edtica de privacidade Esta Pol\u00edtica de Privacidade tem como compromisso proteger os dados cadastrais dos usu\u00e1rios e visitantes cadastrados no site da Rio M\u00e1ximo Turismo Receptivo. Todas as informa\u00e7\u00f5es confiadas no cadastro ser\u00e3o de uso exclusivo da Rio M\u00e1ximo Turismo Receptivo, sendo incorporadas ao banco de dados da empresa. O cadastro ser\u00e1 o meio de [&hellip;]<\/p>\n","protected":false},"author":1,"featured_media":0,"parent":0,"menu_order":0,"comment_status":"closed","ping_status":"closed","template":"templates\/blank_template.php","meta":{"_acf_changed":false,"footnotes":""},"class_list":["post-3","page","type-page","status-publish","hentry"],"acf":[],"yoast_head":"<!-- This site is optimized with the Yoast SEO plugin v27.4 - https:\/\/yoast.com\/product\/yoast-seo-wordpress\/ -->\n<title>Pol\u00edtica de privacidade | Rio Maximo<\/title>\n<meta name=\"robots\" content=\"index, follow, max-snippet:-1, max-image-preview:large, max-video-preview:-1\" \/>\n<link rel=\"canonical\" href=\"https:\/\/riomaximo.com\/es\/politica-de-privacidad\/\" \/>\n<meta property=\"og:locale\" content=\"es_ES\" \/>\n<meta property=\"og:type\" content=\"article\" \/>\n<meta property=\"og:title\" content=\"Pol\u00edtica de privacidade | Rio Maximo\" \/>\n<meta property=\"og:description\" content=\"Pol\u00edtica de privacidade Esta Pol\u00edtica de Privacidade tem como compromisso proteger os dados cadastrais dos usu\u00e1rios e visitantes cadastrados no site da Rio M\u00e1ximo Turismo Receptivo. Todas as informa\u00e7\u00f5es confiadas no cadastro ser\u00e3o de uso exclusivo da Rio M\u00e1ximo Turismo Receptivo, sendo incorporadas ao banco de dados da empresa. O cadastro ser\u00e1 o meio de [&hellip;]\" \/>\n<meta property=\"og:url\" content=\"https:\/\/riomaximo.com\/es\/politica-de-privacidad\/\" \/>\n<meta property=\"og:site_name\" content=\"Rio Maximo\" \/>\n<meta property=\"article:publisher\" content=\"http:\/\/www.facebook.com\/riomaximo.tur.br\" \/>\n<meta property=\"article:modified_time\" content=\"2025-01-17T21:31:12+00:00\" \/>\n<meta property=\"og:image\" content=\"https:\/\/riomaximo.com\/dist\/wp-content\/uploads\/2025\/01\/riomaximo_tourprivado_reservar-bg-1024x576.jpg\" \/>\n<meta name=\"twitter:card\" content=\"summary_large_image\" \/>\n<meta name=\"twitter:label1\" content=\"Est. reading time\" \/>\n\t<meta name=\"twitter:data1\" content=\"2 minutes\" \/>\n<script type=\"application\/ld+json\" class=\"yoast-schema-graph\">{\"@context\":\"https:\\\/\\\/schema.org\",\"@graph\":[{\"@type\":\"WebPage\",\"@id\":\"https:\\\/\\\/riomaximo.com\\\/politica-de-privacidade\\\/\",\"url\":\"https:\\\/\\\/riomaximo.com\\\/politica-de-privacidade\\\/\",\"name\":\"Pol\u00edtica de privacidade | Rio Maximo\",\"isPartOf\":{\"@id\":\"https:\\\/\\\/riomaximo.com\\\/#website\"},\"primaryImageOfPage\":{\"@id\":\"https:\\\/\\\/riomaximo.com\\\/politica-de-privacidade\\\/#primaryimage\"},\"image\":{\"@id\":\"https:\\\/\\\/riomaximo.com\\\/politica-de-privacidade\\\/#primaryimage\"},\"thumbnailUrl\":\"https:\\\/\\\/riomaximo.com\\\/dist\\\/wp-content\\\/uploads\\\/2025\\\/01\\\/riomaximo_tourprivado_reservar-bg-1024x576.jpg\",\"datePublished\":\"2025-01-03T23:05:48+00:00\",\"dateModified\":\"2025-01-17T21:31:12+00:00\",\"breadcrumb\":{\"@id\":\"https:\\\/\\\/riomaximo.com\\\/politica-de-privacidade\\\/#breadcrumb\"},\"inLanguage\":\"es-ES\",\"potentialAction\":[{\"@type\":\"ReadAction\",\"target\":[\"https:\\\/\\\/riomaximo.com\\\/politica-de-privacidade\\\/\"]}]},{\"@type\":\"ImageObject\",\"inLanguage\":\"es-ES\",\"@id\":\"https:\\\/\\\/riomaximo.com\\\/politica-de-privacidade\\\/#primaryimage\",\"url\":\"https:\\\/\\\/riomaximo.com\\\/dist\\\/wp-content\\\/uploads\\\/2025\\\/01\\\/riomaximo_tourprivado_reservar-bg-1024x576.jpg\",\"contentUrl\":\"https:\\\/\\\/riomaximo.com\\\/dist\\\/wp-content\\\/uploads\\\/2025\\\/01\\\/riomaximo_tourprivado_reservar-bg-1024x576.jpg\"},{\"@type\":\"BreadcrumbList\",\"@id\":\"https:\\\/\\\/riomaximo.com\\\/politica-de-privacidade\\\/#breadcrumb\",\"itemListElement\":[{\"@type\":\"ListItem\",\"position\":1,\"name\":\"Portada\",\"item\":\"https:\\\/\\\/riomaximo.com\\\/\"},{\"@type\":\"ListItem\",\"position\":2,\"name\":\"Pol\u00edtica de privacidade\"}]},{\"@type\":\"WebSite\",\"@id\":\"https:\\\/\\\/riomaximo.com\\\/#website\",\"url\":\"https:\\\/\\\/riomaximo.com\\\/\",\"name\":\"Rio Maximo\",\"description\":\"\",\"publisher\":{\"@id\":\"https:\\\/\\\/riomaximo.com\\\/#organization\"},\"potentialAction\":[{\"@type\":\"SearchAction\",\"target\":{\"@type\":\"EntryPoint\",\"urlTemplate\":\"https:\\\/\\\/riomaximo.com\\\/?s={search_term_string}\"},\"query-input\":{\"@type\":\"PropertyValueSpecification\",\"valueRequired\":true,\"valueName\":\"search_term_string\"}}],\"inLanguage\":\"es-ES\"},{\"@type\":\"Organization\",\"@id\":\"https:\\\/\\\/riomaximo.com\\\/#organization\",\"name\":\"Rio Maximo Tour\",\"url\":\"https:\\\/\\\/riomaximo.com\\\/\",\"logo\":{\"@type\":\"ImageObject\",\"inLanguage\":\"es-ES\",\"@id\":\"https:\\\/\\\/riomaximo.com\\\/#\\\/schema\\\/logo\\\/image\\\/\",\"url\":null,\"contentUrl\":null,\"width\":null,\"height\":null,\"caption\":\"Rio Maximo Tour\"},\"image\":{\"@id\":\"https:\\\/\\\/riomaximo.com\\\/#\\\/schema\\\/logo\\\/image\\\/\"},\"sameAs\":[\"http:\\\/\\\/www.facebook.com\\\/riomaximo.tur.br\",\"http:\\\/\\\/www.instagram.com\\\/riomaximoturismo\\\/\",\"https:\\\/\\\/www.youtube.com\\\/channel\\\/UCfqWKgeopxrtmSvrRylQtTw\"]}]}<\/script>\n<!-- \/ Yoast SEO plugin. -->","yoast_head_json":{"title":"Pol\u00edtica de privacidade | Rio Maximo","robots":{"index":"index","follow":"follow","max-snippet":"max-snippet:-1","max-image-preview":"max-image-preview:large","max-video-preview":"max-video-preview:-1"},"canonical":"https:\/\/riomaximo.com\/es\/politica-de-privacidad\/","og_locale":"es_ES","og_type":"article","og_title":"Pol\u00edtica de privacidade | Rio Maximo","og_description":"Pol\u00edtica de privacidade Esta Pol\u00edtica de Privacidade tem como compromisso proteger os dados cadastrais dos usu\u00e1rios e visitantes cadastrados no site da Rio M\u00e1ximo Turismo Receptivo. Todas as informa\u00e7\u00f5es confiadas no cadastro ser\u00e3o de uso exclusivo da Rio M\u00e1ximo Turismo Receptivo, sendo incorporadas ao banco de dados da empresa. O cadastro ser\u00e1 o meio de [&hellip;]","og_url":"https:\/\/riomaximo.com\/es\/politica-de-privacidad\/","og_site_name":"Rio Maximo","article_publisher":"http:\/\/www.facebook.com\/riomaximo.tur.br","article_modified_time":"2025-01-17T21:31:12+00:00","og_image":[{"url":"https:\/\/riomaximo.com\/dist\/wp-content\/uploads\/2025\/01\/riomaximo_tourprivado_reservar-bg-1024x576.jpg","type":"","width":"","height":""}],"twitter_card":"summary_large_image","twitter_misc":{"Est. reading time":"2 minutes"},"schema":{"@context":"https:\/\/schema.org","@graph":[{"@type":"WebPage","@id":"https:\/\/riomaximo.com\/politica-de-privacidade\/","url":"https:\/\/riomaximo.com\/politica-de-privacidade\/","name":"Pol\u00edtica de privacidade | Rio Maximo","isPartOf":{"@id":"https:\/\/riomaximo.com\/#website"},"primaryImageOfPage":{"@id":"https:\/\/riomaximo.com\/politica-de-privacidade\/#primaryimage"},"image":{"@id":"https:\/\/riomaximo.com\/politica-de-privacidade\/#primaryimage"},"thumbnailUrl":"https:\/\/riomaximo.com\/dist\/wp-content\/uploads\/2025\/01\/riomaximo_tourprivado_reservar-bg-1024x576.jpg","datePublished":"2025-01-03T23:05:48+00:00","dateModified":"2025-01-17T21:31:12+00:00","breadcrumb":{"@id":"https:\/\/riomaximo.com\/politica-de-privacidade\/#breadcrumb"},"inLanguage":"es-ES","potentialAction":[{"@type":"ReadAction","target":["https:\/\/riomaximo.com\/politica-de-privacidade\/"]}]},{"@type":"ImageObject","inLanguage":"es-ES","@id":"https:\/\/riomaximo.com\/politica-de-privacidade\/#primaryimage","url":"https:\/\/riomaximo.com\/dist\/wp-content\/uploads\/2025\/01\/riomaximo_tourprivado_reservar-bg-1024x576.jpg","contentUrl":"https:\/\/riomaximo.com\/dist\/wp-content\/uploads\/2025\/01\/riomaximo_tourprivado_reservar-bg-1024x576.jpg"},{"@type":"BreadcrumbList","@id":"https:\/\/riomaximo.com\/politica-de-privacidade\/#breadcrumb","itemListElement":[{"@type":"ListItem","position":1,"name":"Portada","item":"https:\/\/riomaximo.com\/"},{"@type":"ListItem","position":2,"name":"Pol\u00edtica de privacidade"}]},{"@type":"WebSite","@id":"https:\/\/riomaximo.com\/#website","url":"https:\/\/riomaximo.com\/","name":"Rio Maximo","description":"","publisher":{"@id":"https:\/\/riomaximo.com\/#organization"},"potentialAction":[{"@type":"SearchAction","target":{"@type":"EntryPoint","urlTemplate":"https:\/\/riomaximo.com\/?s={search_term_string}"},"query-input":{"@type":"PropertyValueSpecification","valueRequired":true,"valueName":"search_term_string"}}],"inLanguage":"es-ES"},{"@type":"Organization","@id":"https:\/\/riomaximo.com\/#organization","name":"Rio Maximo Tour","url":"https:\/\/riomaximo.com\/","logo":{"@type":"ImageObject","inLanguage":"es-ES","@id":"https:\/\/riomaximo.com\/#\/schema\/logo\/image\/","url":null,"contentUrl":null,"width":null,"height":null,"caption":"Rio Maximo Tour"},"image":{"@id":"https:\/\/riomaximo.com\/#\/schema\/logo\/image\/"},"sameAs":["http:\/\/www.facebook.com\/riomaximo.tur.br","http:\/\/www.instagram.com\/riomaximoturismo\/","https:\/\/www.youtube.com\/channel\/UCfqWKgeopxrtmSvrRylQtTw"]}]}},"_links":{"self":[{"href":"https:\/\/riomaximo.com\/es\/wp-json\/wp\/v2\/pages\/3","targetHints":{"allow":["GET"]}}],"collection":[{"href":"https:\/\/riomaximo.com\/es\/wp-json\/wp\/v2\/pages"}],"about":[{"href":"https:\/\/riomaximo.com\/es\/wp-json\/wp\/v2\/types\/page"}],"author":[{"embeddable":true,"href":"https:\/\/riomaximo.com\/es\/wp-json\/wp\/v2\/users\/1"}],"replies":[{"embeddable":true,"href":"https:\/\/riomaximo.com\/es\/wp-json\/wp\/v2\/comments?post=3"}],"version-history":[{"count":13,"href":"https:\/\/riomaximo.com\/es\/wp-json\/wp\/v2\/pages\/3\/revisions"}],"predecessor-version":[{"id":510,"href":"https:\/\/riomaximo.com\/es\/wp-json\/wp\/v2\/pages\/3\/revisions\/510"}],"wp:attachment":[{"href":"https:\/\/riomaximo.com\/es\/wp-json\/wp\/v2\/media?parent=3"}],"curies":[{"name":"wp","href":"https:\/\/api.w.org\/{rel}","templated":true}]}}